{"id":95,"date":"2024-10-21T01:14:31","date_gmt":"2024-10-21T01:14:31","guid":{"rendered":"https:\/\/dailytourstravel.cr\/?page_id=95"},"modified":"2025-04-03T09:44:08","modified_gmt":"2025-04-03T15:44:08","slug":"nosotros","status":"publish","type":"page","link":"https:\/\/dailytourstravel.cr\/en\/nosotros\/","title":{"rendered":"Us"},"content":{"rendered":"<div data-elementor-type=\"wp-page\" data-elementor-id=\"95\" class=\"elementor elementor-95\" data-elementor-post-type=\"page\">\n\t\t\t\t<div class=\"elementor-element elementor-element-fd2a55d e-flex e-con-boxed e-con e-parent\" data-id=\"fd2a55d\" data-element_type=\"container\" data-settings=\"{&quot;background_background&quot;:&quot;classic&quot;}\">\n\t\t\t\t\t<div class=\"e-con-inner\">\n\t\t<div class=\"elementor-element elementor-element-91c08bb e-con-full e-flex e-con e-child\" data-id=\"91c08bb\" data-element_type=\"container\">\n\t\t\t\t<div class=\"elementor-element elementor-element-7be3247 elementor-widget elementor-widget-heading\" data-id=\"7be3247\" data-element_type=\"widget\" data-settings=\"{&quot;_animation&quot;:&quot;none&quot;}\" data-widget_type=\"heading.default\">\n\t\t\t\t<div class=\"elementor-widget-container\">\n\t\t\t\t\t<h1 class=\"elementor-heading-title elementor-size-default\">Us<\/h1>\t\t\t\t<\/div>\n\t\t\t\t<\/div>\n\t\t\t\t<div class=\"elementor-element elementor-element-e69875b elementor-widget elementor-widget-text-editor\" data-id=\"e69875b\" data-element_type=\"widget\" data-settings=\"{&quot;_animation&quot;:&quot;none&quot;,&quot;_animation_delay&quot;:800}\" data-widget_type=\"text-editor.default\">\n\t\t\t\t<div class=\"elementor-widget-container\">\n\t\t\t\t\t\t\t\t\t<p>At Daily Tours, we offer a comprehensive and personalized service.<\/p>\t\t\t\t\t\t\t\t<\/div>\n\t\t\t\t<\/div>\n\t\t\t\t<\/div>\n\t\t\t\t\t<\/div>\n\t\t\t\t<\/div>\n\t\t<div class=\"elementor-element elementor-element-ec83006 e-flex e-con-boxed e-con e-parent\" data-id=\"ec83006\" data-element_type=\"container\">\n\t\t\t\t\t<div class=\"e-con-inner\">\n\t\t<div class=\"elementor-element elementor-element-b9a3a0d e-con-full e-flex elementor-invisible e-con e-child\" data-id=\"b9a3a0d\" data-element_type=\"container\" data-settings=\"{&quot;animation&quot;:&quot;fadeInRight&quot;}\">\n\t\t\t\t<div class=\"elementor-element elementor-element-e5cc585 elementor-widget elementor-widget-heading\" data-id=\"e5cc585\" data-element_type=\"widget\" data-widget_type=\"heading.default\">\n\t\t\t\t<div class=\"elementor-widget-container\">\n\t\t\t\t\t<span class=\"elementor-heading-title elementor-size-default\">Commitment, Excellence and Personalized Attention<\/span>\t\t\t\t<\/div>\n\t\t\t\t<\/div>\n\t\t\t\t<div class=\"elementor-element elementor-element-9d29108 elementor-widget elementor-widget-heading\" data-id=\"9d29108\" data-element_type=\"widget\" data-widget_type=\"heading.default\">\n\t\t\t\t<div class=\"elementor-widget-container\">\n\t\t\t\t\t<h2 class=\"elementor-heading-title elementor-size-default\">Your personalized advice starts here<\/h2>\t\t\t\t<\/div>\n\t\t\t\t<\/div>\n\t\t\t\t<div class=\"elementor-element elementor-element-68db9a7 elementor-widget__width-auto elementor-widget elementor-widget-text-editor\" data-id=\"68db9a7\" data-element_type=\"widget\" data-widget_type=\"text-editor.default\">\n\t\t\t\t<div class=\"elementor-widget-container\">\n\t\t\t\t\t\t\t\t\t<p style=\"font-weight: 400;\">We are a 100% Costa Rican travel agency, with a strong commitment to excellence and a 100% female-owned approach. Our work ethic is distinguished by dedication, attention to detail, and commitment to our clients, which has allowed us to stand out in the industry for over 25 years. Every project we undertake is done with passion and dedication, always with the goal of providing the best possible experience.<\/p><p style=\"font-weight: 400;\">At Daily Tours, we specialize in quoting, planning and implementing events of any size, always looking for the best options in both itineraries and prices. Thanks to our IATA license, we have the ability to manage everything related to airline tickets, guaranteeing the best rates on the most recognized airlines. From the initial planning stage to ticketing, we ensure that every aspect of the trip is fully optimized to meet the needs of our clients.<\/p><p>What really sets us apart is our personalized attention. We are available to our clients 24\/7, ready to resolve any unforeseen events or setbacks in real time. We know that in the world of events and travel, plans can change unexpectedly, so our team is always prepared to react quickly and offer effective solutions, ensuring that everything goes as planned or better.<\/p>\t\t\t\t\t\t\t\t<\/div>\n\t\t\t\t<\/div>\n\t\t\t\t<div class=\"elementor-element elementor-element-bb43de7 elementor-widget elementor-widget-heading\" data-id=\"bb43de7\" data-element_type=\"widget\" data-widget_type=\"heading.default\">\n\t\t\t\t<div class=\"elementor-widget-container\">\n\t\t\t\t\t<h2 class=\"elementor-heading-title elementor-size-default\">Mission and Strategy<\/h2>\t\t\t\t<\/div>\n\t\t\t\t<\/div>\n\t\t\t\t<div class=\"elementor-element elementor-element-6329549 elementor-widget elementor-widget-text-editor\" data-id=\"6329549\" data-element_type=\"widget\" data-widget_type=\"text-editor.default\">\n\t\t\t\t<div class=\"elementor-widget-container\">\n\t\t\t\t\t\t\t\t\t<p style=\"font-weight: 400;\">We believe that our role as partners to our key customers is based primarily on our <strong>ability to listen<\/strong> their requirements, to provide exactly what is requested and thus be able to meet the objectives within the required budget and the corresponding codes of ethics. We are a partner that meets the customer&#039;s service needs and goes beyond.<\/p>\t\t\t\t\t\t\t\t<\/div>\n\t\t\t\t<\/div>\n\t\t\t\t<\/div>\n\t\t\t\t\t<\/div>\n\t\t\t\t<\/div>\n\t\t<div class=\"elementor-element elementor-element-c35b1af e-flex e-con-boxed e-con e-parent\" data-id=\"c35b1af\" data-element_type=\"container\" data-settings=\"{&quot;background_background&quot;:&quot;classic&quot;}\">\n\t\t\t\t\t<div class=\"e-con-inner\">\n\t\t\t\t<div class=\"elementor-element elementor-element-116cb1b elementor-widget__width-initial elementor-widget elementor-widget-text-editor\" data-id=\"116cb1b\" data-element_type=\"widget\" data-widget_type=\"text-editor.default\">\n\t\t\t\t<div class=\"elementor-widget-container\">\n\t\t\t\t\t\t\t\t\t<h2 style=\"font-weight: 400;\"><strong>Innovation\/Update<\/strong><\/h2><p style=\"font-weight: 400;\">Our MICE Department team regularly attends industry-leading events such as seminars and familiarization trips to new destinations. We are present at the most important global MICE industry-leading trade shows, such as IMEX in Las Vegas and Frankfurt; and IBTM in Mexico.<\/p><p style=\"font-weight: 400;\">We have joint ventures with several creative and advertising agencies that allow us to offer clients solutions that integrate the development of an event concept, together with fresh ideas and the latest advances in audiovisual and creative technology, including, for example, video mapping, virtual reality, interactive apps, activities outside the event venue, etc.<\/p>\t\t\t\t\t\t\t\t<\/div>\n\t\t\t\t<\/div>\n\t\t\t\t\t<\/div>\n\t\t\t\t<\/div>\n\t\t<div class=\"elementor-element elementor-element-8a3d873 e-flex e-con-boxed e-con e-parent\" data-id=\"8a3d873\" data-element_type=\"container\" data-settings=\"{&quot;background_background&quot;:&quot;classic&quot;}\">\n\t\t\t\t\t<div class=\"e-con-inner\">\n\t\t\t\t<div class=\"elementor-element elementor-element-e0f1334 elementor-widget__width-initial elementor-invisible elementor-widget elementor-widget-text-editor\" data-id=\"e0f1334\" data-element_type=\"widget\" data-settings=\"{&quot;_animation&quot;:&quot;fadeInUp&quot;}\" data-widget_type=\"text-editor.default\">\n\t\t\t\t<div class=\"elementor-widget-container\">\n\t\t\t\t\t\t\t\t\t<h3>We are here to make your next event or trip a reality!<\/h3><p>Whether you need to plan an unforgettable event or find the best travel options, at Daily Tours we are ready to help you every step of the way.<\/p><p>Contact us and discover how our personalized attention, experience and commitment can transform your ideas into an extraordinary experience.<\/p>\t\t\t\t\t\t\t\t<\/div>\n\t\t\t\t<\/div>\n\t\t\t\t<div class=\"elementor-element elementor-element-0786bb2 elementor-widget__width-auto elementor-widget-mobile__width-inherit elementor-mobile-align-center elementor-invisible elementor-widget elementor-widget-button\" data-id=\"0786bb2\" data-element_type=\"widget\" data-settings=\"{&quot;_animation&quot;:&quot;fadeInUp&quot;,&quot;_animation_delay&quot;:500}\" data-widget_type=\"button.default\">\n\t\t\t\t<div class=\"elementor-widget-container\">\n\t\t\t\t\t\t\t\t\t<div class=\"elementor-button-wrapper\">\n\t\t\t\t\t<a class=\"elementor-button elementor-button-link elementor-size-md\" href=\"https:\/\/dailytourstravel.cr\/en\/contactenos\/\">\n\t\t\t\t\t\t<span class=\"elementor-button-content-wrapper\">\n\t\t\t\t\t\t<span class=\"elementor-button-icon\">\n\t\t\t\t<i aria-hidden=\"true\" class=\"icon icon-right-arrow\"><\/i>\t\t\t<\/span>\n\t\t\t\t\t\t\t\t\t<span class=\"elementor-button-text\">CONTACT US<\/span>\n\t\t\t\t\t<\/span>\n\t\t\t\t\t<\/a>\n\t\t\t\t<\/div>\n\t\t\t\t\t\t\t\t<\/div>\n\t\t\t\t<\/div>\n\t\t\t\t\t<\/div>\n\t\t\t\t<\/div>\n\t\t\t\t<\/div>","protected":false},"excerpt":{"rendered":"<p>Nosotras En Daily Tours, ofrecemos un servicio integral y personalizado. Compromiso, Excelencia y Atenci\u00f3n Personalizada Tu asesor\u00eda personalizada empieza aqu\u00ed Somos una agencia de viajes\u00a0 100% costarricense, con un gran compromiso con la excelencia y un enfoque 100% en manos de mujeres. Nuestra \u00e9tica de trabajo se distingue por su dedicaci\u00f3n, atenci\u00f3n al detalle y [&hellip;]<\/p>","protected":false},"author":1,"featured_media":0,"parent":0,"menu_order":0,"comment_status":"closed","ping_status":"closed","template":"","meta":{"footnotes":""},"class_list":["post-95","page","type-page","status-publish","hentry"],"_links":{"self":[{"href":"https:\/\/dailytourstravel.cr\/en\/wp-json\/wp\/v2\/pages\/95","targetHints":{"allow":["GET"]}}],"collection":[{"href":"https:\/\/dailytourstravel.cr\/en\/wp-json\/wp\/v2\/pages"}],"about":[{"href":"https:\/\/dailytourstravel.cr\/en\/wp-json\/wp\/v2\/types\/page"}],"author":[{"embeddable":true,"href":"https:\/\/dailytourstravel.cr\/en\/wp-json\/wp\/v2\/users\/1"}],"replies":[{"embeddable":true,"href":"https:\/\/dailytourstravel.cr\/en\/wp-json\/wp\/v2\/comments?post=95"}],"version-history":[{"count":67,"href":"https:\/\/dailytourstravel.cr\/en\/wp-json\/wp\/v2\/pages\/95\/revisions"}],"predecessor-version":[{"id":1224,"href":"https:\/\/dailytourstravel.cr\/en\/wp-json\/wp\/v2\/pages\/95\/revisions\/1224"}],"wp:attachment":[{"href":"https:\/\/dailytourstravel.cr\/en\/wp-json\/wp\/v2\/media?parent=95"}],"curies":[{"name":"wp","href":"https:\/\/api.w.org\/{rel}","templated":true}]}}